{"id":820,"date":"2024-02-18T16:08:15","date_gmt":"2024-02-18T16:08:15","guid":{"rendered":"https:\/\/romasyoga.lt\/?page_id=820"},"modified":"2024-02-18T17:32:03","modified_gmt":"2024-02-18T17:32:03","slug":"privacios-pamokos","status":"publish","type":"page","link":"https:\/\/romasyoga.lt\/index.php\/privacios-pamokos\/","title":{"rendered":"Privacios Pamokos"},"content":{"rendered":"\n<div class=\"wp-block-stackable-columns alignfull stk-block-columns stk-block stk-cf247fd stk-block-background stk--has-background-overlay\" data-block-id=\"cf247fd\"><style>.stk-cf247fd{background-color:var(u002du002dpaletteColor4,#000000) !important;background-image:url(https:\/\/romasyoga.lt\/wp-content\/uploads\/2023\/11\/DSC08816.jpg) !important;background-position:top center !important;padding-top:310px !important;padding-right:35px !important;padding-bottom:180px !important;padding-left:35px !important;margin-bottom:0px !important}.stk-cf247fd:before{background-color:var(u002du002dpaletteColor4,#000000) !important;opacity:0 !important}@media screen and (max-width:1023px){.stk-cf247fd{padding-top:210px !important;padding-bottom:140px !important}}<\/style><div class=\"stk-row stk-inner-blocks has-text-align-center stk-block-content stk-content-align stk-cf247fd-column\">\n<div class=\"wp-block-stackable-column stk-block-column stk-column stk-block stk-1d93b9f\" data-v=\"4\" data-block-id=\"1d93b9f\"><style>.stk-1d93b9f-container{margin-top:0px !important;margin-right:0px !important;margin-bottom:0px !important;margin-left:0px !important}<\/style><div class=\"stk-column-wrapper stk-block-column__content stk-container stk-1d93b9f-container stk--no-background stk--no-padding\"><div class=\"stk-block-content stk-inner-blocks stk-1d93b9f-inner-blocks\">\n<div class=\"wp-block-stackable-heading stk-block-heading stk-block-heading--v2 stk-block stk-436ce8b\" id=\"privacios-jogos-pamokos\" data-block-id=\"436ce8b\"><style>.stk-436ce8b{margin-bottom:20px !important}.stk-436ce8b .stk-block-heading__text{font-size:70px !important;color:var(u002du002dpaletteColor8,#ffffff) !important;line-height:1em !important;font-weight:800 !important}@media screen and (max-width:1023px){.stk-436ce8b .stk-block-heading__text{font-size:50px !important}}<\/style><h2 class=\"stk-block-heading__text has-text-color has-palette-color-8-color\">Priva\u010dios Jogos pamokos<\/h2><\/div>\n<\/div><\/div><\/div>\n<\/div><\/div>\n\n\n\n<div class=\"wp-block-stackable-spacer stk-block-spacer stk--no-padding stk-block stk-6090630\" data-block-id=\"6090630\"><style>.stk-6090630{height:29px !important}@media screen and (max-width:1023px){.stk-6090630{height:90px !important}}@media screen and (max-width:767px){.stk-6090630{height:30px !important}}<\/style><\/div>\n\n\n\n<div class=\"wp-block-stackable-spacer stk-block-spacer stk--no-padding stk-block stk-b53b987\" data-block-id=\"b53b987\"><style>.stk-b53b987{height:38px !important}@media screen and (max-width:1023px){.stk-b53b987{height:100px !important}}@media screen and (max-width:767px){.stk-b53b987{height:0px !important}}<\/style><\/div>\n\n\n\n<p class=\"has-palette-color-8-color has-palette-color-3-background-color has-text-color has-background\">Individualios jogos treniruot\u0117s yra asmeni\u0161kai pritaikomos jogos praktikos sesijos, kurias veda patyr\u0119s jogos mokytojas ir kurios skirtos atitikti konkretaus asmens fizinius, emocinius ir dvasinius poreikius. \u0160ios treniruot\u0117s gali b\u016bti rengiamos \u012fvairiose vietose \u2013 jogos studijoje, kliento namuose ar net gamtoje, priklausomai nuo kliento nor\u0173 ir galimybi\u0173. Individuali\u0173 jogos treniruo\u010di\u0173 metu mokytojas gali teikti i\u0161samias instrukcijas, koreguoti pozas, pad\u0117ti su kv\u0117pavimo technikomis ir meditacija, taip pat konsultuoti sveikatos ir gyvenimo b\u016bdo klausimais.<\/p>\n\n\n\n<p class=\"has-palette-color-8-color has-palette-color-3-background-color has-text-color has-background\">Mokytojas atsi\u017evelgia \u012f kliento fizines galimybes, sveikatos b\u016bkl\u0119, jogos patirt\u012f, tikslus ir poreikius bei sukuria asmeni\u0161kai pritaikyt\u0105 jogos praktikos plan\u0105.<\/p>\n\n\n\n<p class=\"has-palette-color-7-color has-palette-color-3-background-color has-text-color has-background\">Treniruot\u0117s laikas ir vieta gali b\u016bti pritaikomi pagal kliento poreikius, suteikiant galimyb\u0119 lengviau \u012ftraukti jog\u0105 \u012f kasdien\u012f gyvenim\u0105.<\/p>\n\n\n\n<p class=\"has-palette-color-7-color has-palette-color-3-background-color has-text-color has-background\">Individuali\u0173 treniruo\u010di\u0173 metu mokytojas gali skirti daugiau d\u0117mesio technikos detal\u0117ms, poz\u0173 korekcijai, asmenin\u0117ms patarimams, kurie gali pad\u0117ti grei\u010diau pasiekti pa\u017eang\u0105 ir i\u0161vengti traum\u0173.<\/p>\n\n\n\n<p class=\"has-palette-color-7-color has-palette-color-3-background-color has-text-color has-background\">Sukuriamas glaudesnis ry\u0161ys tarp mokytojo ir mokinio, leid\u017eiantis giliau suprasti mokinio poreikius ir geriau juos tenkinti.<\/p>\n\n\n\n<p class=\"has-palette-color-7-color has-palette-color-3-background-color has-text-color has-background\">Gali b\u016bti orientuojamasi \u012f konkret\u0173 tiksl\u0105, pavyzd\u017eiui, streso ma\u017einim\u0105, lankstumo didinim\u0105, konkre\u010di\u0173 sveikatos problem\u0173 \u0161velninim\u0105, dvasin\u012f augim\u0105 ar sportin\u0119 form\u0105.<\/p>\n\n\n\n<p class=\"has-palette-color-7-color has-palette-color-3-background-color has-text-color has-background\">Puikiai tinka \u017emon\u0117ms, kurie jau\u010diasi nepatogiai didel\u0117se grup\u0117se ar nori daugiau privatumo.<\/p>\n\n\n\n<p class=\"has-palette-color-7-color has-palette-color-3-background-color has-text-color has-background\">Individualios jogos treniruot\u0117s yra puikus pasirinkimas tiems, kurie nori maksimaliai pritaikyti jogos praktik\u0105 pagal savo asmeninius poreikius, siekti konkre\u010di\u0173 tiksl\u0173 arba nori gilesnio ry\u0161io su mokytoju, kad gal\u0117t\u0173 pasiekti didesn\u0119 pa\u017eang\u0105 jogos kelyje.<\/p>\n\n\n\n<div class=\"wp-block-stackable-spacer stk-block-spacer stk--no-padding stk-block stk-746b086\" data-block-id=\"746b086\"><style>.stk-746b086{height:130px !important}@media screen and (max-width:1023px){.stk-746b086{height:90px !important}}<\/style><\/div>\n","protected":false},"excerpt":{"rendered":"<p>Priva\u010dios Jogos pamokos Individualios jogos treniruot\u0117s yra asmeni\u0161kai pritaikomos jogos praktikos sesijos, kurias veda patyr\u0119s jogos mokytojas ir kurios skirtos atitikti konkretaus asmens fizinius, emocinius ir dvasinius poreikius. \u0160ios treniruot\u0117s gali b\u016bti rengiamos \u012fvairiose vietose \u2013 jogos studijoje, kliento namuose ar net gamtoje, priklausomai nuo kliento nor\u0173 ir galimybi\u0173. Individuali\u0173 jogos treniruo\u010di\u0173 metu mokytojas gali [&hellip;]<\/p>\n","protected":false},"author":1,"featured_media":0,"parent":0,"menu_order":0,"comment_status":"closed","ping_status":"closed","template":"","meta":{"footnotes":""},"blocksy_meta":{"page_title_panel":"","has_hero_section":"disabled","ad325afbbb787ae7bf99ddf317024bd4":"","hero_section":"type-1","hero_elements":[{"id":"custom_title","enabled":true,"heading_tag":"h1","title":"Home"},{"id":"custom_description","enabled":true,"description_visibility":{"desktop":true,"tablet":true,"mobile":false}},{"id":"custom_meta","enabled":false,"meta_elements":[{"id":"author","enabled":true,"label":"By","has_author_avatar":"yes","avatar_size":25},{"id":"post_date","enabled":true,"label":"On","date_format_source":"default","date_format":"M j, Y"},{"id":"updated_date","enabled":false,"label":"On","date_format_source":"default","date_format":"M j, Y"},{"id":"categories","enabled":false,"label":"In","style":"simple"},{"id":"comments","enabled":true}],"page_meta_elements":{"joined":true,"articles_count":true,"comments":true}},{"id":"breadcrumbs","enabled":false}],"54c8ca3814d29b28b0c1ac8150b2e42a":"","hero_alignment1":"CT_CSS_SKIP_RULE","hero_margin":40,"hero_alignment2":"center","hero_vertical_alignment":"center","c595936b744da3de4c4f7a667f390c24":"","hero_structure":"narrow","a2b35d92272003fc7b6d404bbfd83b26":"","page_title_bg_type":"featured_image","custom_hero_background":{"attachment_id":null},"parallax":{"desktop":false,"tablet":false,"mobile":false},"cd2fa6ec3f8f5e7167d75079debcf8d0":"","hero_height":"250px","pageTitleFont":{"family":"Default","variation":"Default","size":"30px","line-height":"CT_CSS_SKIP_RULE","letter-spacing":"CT_CSS_SKIP_RULE","text-transform":"CT_CSS_SKIP_RULE","text-decoration":"CT_CSS_SKIP_RULE"},"pageTitleFontColor":{"default":{"color":"CT_CSS_SKIP_RULEDEFAULT"}},"pageMetaFont":{"family":"Default","variation":"n6","size":"12px","line-height":"1.3","letter-spacing":"CT_CSS_SKIP_RULE","text-transform":"uppercase","text-decoration":"CT_CSS_SKIP_RULE"},"pageMetaFontColor":{"default":{"color":"CT_CSS_SKIP_RULEDEFAULT"},"hover":{"color":"CT_CSS_SKIP_RULEDEFAULT"}},"page_meta_button_type_font_colors":{"default":{"color":"CT_CSS_SKIP_RULEDEFAULT"},"hover":{"color":"CT_CSS_SKIP_RULEDEFAULT"}},"page_meta_button_type_background_colors":{"default":{"color":"CT_CSS_SKIP_RULEDEFAULT"},"hover":{"color":"CT_CSS_SKIP_RULEDEFAULT"}},"pageExcerptFont":{"family":"Default","variation":"Default","size":"CT_CSS_SKIP_RULE","line-height":"CT_CSS_SKIP_RULE","letter-spacing":"CT_CSS_SKIP_RULE","text-transform":"CT_CSS_SKIP_RULE","text-decoration":"CT_CSS_SKIP_RULE"},"pageExcerptColor":{"default":{"color":"CT_CSS_SKIP_RULEDEFAULT"}},"breadcrumbsFont":{"family":"Default","variation":"Default","size":"CT_CSS_SKIP_RULE","line-height":"CT_CSS_SKIP_RULE","letter-spacing":"CT_CSS_SKIP_RULE","text-transform":"CT_CSS_SKIP_RULE","text-decoration":"CT_CSS_SKIP_RULE"},"breadcrumbsFontColor":{"default":{"color":"CT_CSS_SKIP_RULEDEFAULT"},"initial":{"color":"CT_CSS_SKIP_RULEDEFAULT"},"hover":{"color":"CT_CSS_SKIP_RULEDEFAULT"}},"pageTitleOverlay":{"background_type":"color","background_pattern":"type-1","background_image":{"attachment_id":null,"x":0,"y":0},"gradient":"linear-gradient(135deg,rgba(6,147,227,1) 0%,rgb(155,81,224) 100%)","background_repeat":"repeat","background_size":"auto","background_attachment":"scroll","patternColor":{"default":{"color":"#e5e7ea"}},"overlayColor":{"default":{"color":"CT_CSS_SKIP_RULE"}},"backgroundColor":{"default":{"color":"CT_CSS_SKIP_RULE"}}},"pageTitleBackground":{"background_type":"color","background_pattern":"type-1","background_image":{"attachment_id":null,"x":0,"y":0},"gradient":"linear-gradient(135deg,rgba(6,147,227,1) 0%,rgb(155,81,224) 100%)","background_repeat":"repeat","background_size":"auto","background_attachment":"scroll","patternColor":{"default":{"color":"#e5e7ea"}},"overlayColor":{"default":{"color":"CT_CSS_SKIP_RULE"}},"backgroundColor":{"default":{"color":"var(--paletteColor6)"}}},"pageTitlePadding":{"top":"50px","bottom":"50px","left":"auto","right":"auto","linked":true},"4e644f0df3dc2bd54a2fd9c5f4811b02":"","page_structure_type":"default","8567a3a04c64060be6cb8429ab0da8d2":"","content_style_source":"inherit","content_style":"wide","vertical_spacing_source":"custom","content_area_spacing":"none","background":{"background_type":"color","background_pattern":"type-1","background_image":{"attachment_id":null,"x":0,"y":0},"gradient":"linear-gradient(135deg,rgba(6,147,227,1) 0%,rgb(155,81,224) 100%)","background_repeat":"repeat","background_size":"auto","background_attachment":"scroll","patternColor":{"default":{"color":"#e5e7ea"}},"overlayColor":{"default":{"color":"CT_CSS_SKIP_RULE"}},"backgroundColor":{"default":{"color":"CT_CSS_SKIP_RULE"}}},"content_background":{"background_type":"color","background_pattern":"type-1","background_image":{"attachment_id":null,"x":0,"y":0},"gradient":"linear-gradient(135deg,rgba(6,147,227,1) 0%,rgb(155,81,224) 100%)","background_repeat":"repeat","background_size":"auto","background_attachment":"scroll","patternColor":{"default":{"color":"#e5e7ea"}},"overlayColor":{"default":{"color":"CT_CSS_SKIP_RULE"}},"backgroundColor":{"default":{"color":"var(--paletteColor8)"}}},"content_boxed_shadow":{"inherit":false,"blur":18,"spread":-6,"v_offset":12,"h_offset":0,"inset":false,"enable":true,"color":{"color":"rgba(34, 56, 101, 0.04)"}},"boxed_content_spacing":{"desktop":{"top":"40px","bottom":"40px","left":"40px","right":"40px","linked":true},"tablet":{"top":"35px","bottom":"35px","left":"35px","right":"35px","linked":true},"mobile":{"top":"20px","bottom":"20px","left":"20px","right":"20px","linked":true}},"content_boxed_radius":{"top":"3px","bottom":"3px","left":"3px","right":"3px","linked":true},"667936e8a6950c9590e92cff7730eecd":"","disable_featured_image":"no","disable_share_box":"no","disable_header":"no","disable_footer":"no","styles_descriptor":{"styles":{"desktop":"","tablet":"","mobile":""},"google_fonts":[],"version":5}},"featured_image_urls":{"full":"","thumbnail":"","medium":"","medium_large":"","large":"","1536x1536":"","2048x2048":""},"post_excerpt_stackable":"<p>Priva\u010dios Jogos pamokos Individualios jogos treniruot\u0117s yra asmeni\u0161kai pritaikomos jogos praktikos sesijos, kurias veda patyr\u0119s jogos mokytojas ir kurios skirtos atitikti konkretaus asmens fizinius, emocinius ir dvasinius poreikius. \u0160ios treniruot\u0117s gali b\u016bti rengiamos \u012fvairiose vietose \u2013 jogos studijoje, kliento namuose ar net gamtoje, priklausomai nuo kliento nor\u0173 ir galimybi\u0173. Individuali\u0173 jogos treniruo\u010di\u0173 metu mokytojas gali teikti i\u0161samias instrukcijas, koreguoti pozas, pad\u0117ti su kv\u0117pavimo technikomis ir meditacija, taip pat konsultuoti sveikatos ir gyvenimo b\u016bdo klausimais. Mokytojas atsi\u017evelgia \u012f kliento fizines galimybes, sveikatos b\u016bkl\u0119, jogos patirt\u012f, tikslus ir poreikius bei sukuria asmeni\u0161kai pritaikyt\u0105 jogos praktikos plan\u0105. Treniruot\u0117s laikas ir vieta gali b\u016bti&hellip;<\/p>\n","category_list":"","author_info":{"name":"romasbleda","url":"https:\/\/romasyoga.lt\/index.php\/author\/romasbleda\/"},"comments_num":"0 comments","_links":{"self":[{"href":"https:\/\/romasyoga.lt\/index.php\/wp-json\/wp\/v2\/pages\/820"}],"collection":[{"href":"https:\/\/romasyoga.lt\/index.php\/wp-json\/wp\/v2\/pages"}],"about":[{"href":"https:\/\/romasyoga.lt\/index.php\/wp-json\/wp\/v2\/types\/page"}],"author":[{"embeddable":true,"href":"https:\/\/romasyoga.lt\/index.php\/wp-json\/wp\/v2\/users\/1"}],"replies":[{"embeddable":true,"href":"https:\/\/romasyoga.lt\/index.php\/wp-json\/wp\/v2\/comments?post=820"}],"version-history":[{"count":2,"href":"https:\/\/romasyoga.lt\/index.php\/wp-json\/wp\/v2\/pages\/820\/revisions"}],"predecessor-version":[{"id":830,"href":"https:\/\/romasyoga.lt\/index.php\/wp-json\/wp\/v2\/pages\/820\/revisions\/830"}],"wp:attachment":[{"href":"https:\/\/romasyoga.lt\/index.php\/wp-json\/wp\/v2\/media?parent=820"}],"curies":[{"name":"wp","href":"https:\/\/api.w.org\/{rel}","templated":true}]}}